{"id":446,"date":"2013-02-24T21:41:27","date_gmt":"2013-02-24T21:41:27","guid":{"rendered":"http:\/\/siquirj.com.br\/site2013\/?page_id=446"},"modified":"2021-11-09T11:25:09","modified_gmt":"2021-11-09T14:25:09","slug":"evento","status":"publish","type":"page","link":"https:\/\/siquirj.com.br\/site2013\/evento\/","title":{"rendered":"Eventos"},"content":{"rendered":"<table>\n<tr>\n<td><figure id=\"attachment_963\" aria-describedby=\"caption-attachment-963\" style=\"width: 400px\" class=\"wp-caption alignnone\"><a href=\"https:\/\/us06web.zoom.us\/meeting\/register\/tZErf--vrz8iHdZYsKFSZ0s8uNNjLXsaxpJE\" target=\"_blank\"><img decoding=\"async\" class=\"size-full wp-image-963\" alt=\"140 - Mai \/ 2013\" src=\"https:\/\/siquirj.com.br\/site2013\/wp-content\/uploads\/EventoSinproquim1-e1636466382247.jpg\"\/><\/a><figcaption id=\"caption-attachment-963\" class=\"wp-caption-text\"><\/td>\n<td style=\"vertical-align: top; text-align: left; font-size: 12px; color: #000000;\"><span style=\"text-transform: uppercase; font-size: 15px; font-weight: bold; color: #370066;\">18 de novembro de 2021<\/span><br \/>\n<span style=\"font-size: 12px; font-weight: bold; color: #000;\">A import\u00e2ncia da Ind\u00fastria Qu\u00edmica no Marco Legal do Saneamento<\/span><br \/>\n&nbsp;<br \/>\n<span style=\"font-weight: bold; color: #000\">Datas:<\/span> 18 de novembro de 2021<br \/>\n<span style=\"font-weight: bold; color: #000\">Hor\u00e1rio:<\/span> 09h30 \u00e0s 12h<br \/>\n<span style=\"font-weight: bold; color: #000\">Valor:<\/span> Gratuito<br \/>\n&nbsp;<\/p>\n<form action=\"https:\/\/us06web.zoom.us\/meeting\/register\/tZErf--vrz8iHdZYsKFSZ0s8uNNjLXsaxpJE\">\n    <input style=\"color: #FFFFFF; background-color: #370066; border-color: #d3effd\" type=\"submit\" value=\"INSCREVA-SE\" \/><br \/>\n<\/form>\n<p><\/figcaption><\/figure><\/td>\n<\/tr>\n<\/table>\n<p>&nbsp;<\/p>\n<table>\n<tr>\n<td><figure id=\"attachment_963\" aria-describedby=\"caption-attachment-963\" style=\"width: 400px\" class=\"wp-caption alignnone\"><a href=\"https:\/\/us06web.zoom.us\/meeting\/register\/tZEqd-Cgqz8uE9yil58XGQa5ahfIKneC2vXi\" target=\"_blank\"><img decoding=\"async\" class=\"size-full wp-image-963\" alt=\"140 - Mai \/ 2013\" src=\"https:\/\/siquirj.com.br\/site2013\/wp-content\/uploads\/WebinarPetroqu\u00edmica-e1636466620613.png\"\/><\/a><figcaption id=\"caption-attachment-963\" class=\"wp-caption-text\"><\/td>\n<td style=\"vertical-align: top; text-align: left; font-size: 12px; color: #000000;\"><span style=\"text-transform: uppercase; font-size: 15px; font-weight: bold; color: #370066;\">23 de novembro de 2021<\/span><br \/>\n<span style=\"font-size: 12px; font-weight: bold; color: #000;\">A Petroqu\u00edmica no estado do Rio de Janeiro: passado, presente e futuro<\/span><br \/>\n&nbsp;<br \/>\n<span style=\"font-weight: bold; color: #000\">Datas:<\/span> 23 de novembro de 2021<br \/>\n<span style=\"font-weight: bold; color: #000\">In\u00edcio:<\/span> 14h<br \/>\n<span style=\"font-weight: bold; color: #000\">Valor:<\/span> Gratuito<br \/>\n&nbsp;<\/p>\n<form action=\"https:\/\/us06web.zoom.us\/meeting\/register\/tZEqd-Cgqz8uE9yil58XGQa5ahfIKneC2vXi\">\n    <input style=\"color: #FFFFFF; background-color: #370066; border-color: #d3effd\" type=\"submit\" value=\"INSCREVA-SE\" \/><br \/>\n<\/form>\n<p><\/figcaption><\/figure><\/td>\n<\/tr>\n<\/table>\n<p>&nbsp;<\/p>\n","protected":false},"excerpt":{"rendered":"<p>&nbsp; &nbsp;<\/p>\n","protected":false},"author":1,"featured_media":0,"parent":0,"menu_order":0,"comment_status":"open","ping_status":"open","template":"","meta":{"footnotes":""},"class_list":["post-446","page","type-page","status-publish","hentry"],"_links":{"self":[{"href":"https:\/\/siquirj.com.br\/site2013\/wp-json\/wp\/v2\/pages\/446","targetHints":{"allow":["GET"]}}],"collection":[{"href":"https:\/\/siquirj.com.br\/site2013\/wp-json\/wp\/v2\/pages"}],"about":[{"href":"https:\/\/siquirj.com.br\/site2013\/wp-json\/wp\/v2\/types\/page"}],"author":[{"embeddable":true,"href":"https:\/\/siquirj.com.br\/site2013\/wp-json\/wp\/v2\/users\/1"}],"replies":[{"embeddable":true,"href":"https:\/\/siquirj.com.br\/site2013\/wp-json\/wp\/v2\/comments?post=446"}],"version-history":[{"count":44,"href":"https:\/\/siquirj.com.br\/site2013\/wp-json\/wp\/v2\/pages\/446\/revisions"}],"predecessor-version":[{"id":664,"href":"https:\/\/siquirj.com.br\/site2013\/wp-json\/wp\/v2\/pages\/446\/revisions\/664"}],"wp:attachment":[{"href":"https:\/\/siquirj.com.br\/site2013\/wp-json\/wp\/v2\/media?parent=446"}],"curies":[{"name":"wp","href":"https:\/\/api.w.org\/{rel}","templated":true}]}}